{"id":3,"date":"2023-04-28T08:35:44","date_gmt":"2023-04-28T08:35:44","guid":{"rendered":"https:\/\/grupoadyfin.es\/sp\/?page_id=3"},"modified":"2025-05-06T12:48:34","modified_gmt":"2025-05-06T12:48:34","slug":"privacy-policy","status":"publish","type":"page","link":"https:\/\/grupoadyfin.es\/sp\/?page_id=3","title":{"rendered":"Politica de Privacidad"},"content":{"rendered":"<div class=\"wpb-content-wrapper\">[vc_row][vc_column width=&#8221;1\/2&#8243;][vc_column_text css=&#8221;&#8221;]\n<div class=\"sec-con-title \">\n<div class=\"section-sub-title \">\n<article class=\"section-title-body white\">\n<div class=\"head-title\">\n<p>Politica de Privacidad\u2026<\/p>\n<\/div>\n<\/article>\n<\/div>\n<\/div>\n<div class=\"sec-contact-info \">\n<h4><strong>ADMINISTRADORES DE FINCAS \u2013 SEGUROS \u2013 ASESORAMIENTO<\/strong><\/h4>\n<p>&nbsp;<\/p>\n<h4 class=\"widget-title\"><i class=\"ion-pound\"><\/i>ADYFIN FIJLS, S.L. \u2013 CIF: B-84095280<\/h4>\n<h4 class=\"widget-title\"><i class=\"ion-map\"><\/i>C\/ Sierra de Atapuerca, 45 \u2013 Local 2 \u2013 28050 Madrid<\/h4>\n<p>&nbsp;<\/p>\n<h4 class=\"widget-title\"><i class=\"ion-android-call\"><\/i>Tel\u00e9fonos:<\/h4>\n<p>(+34) 91 750 57 12<br \/>\n(+34) 639 37 28 33<\/p>\n<h4 class=\"widget-title\"><i class=\"ion-email\"><\/i>E-mail:<\/h4>\n<p><a class=\"mail-box\" href=\"mailto:adyfin@grupoadyfin.com\">adyfin@grupoadyfin.com<\/a><\/p>\n<p>&nbsp;<\/p>\n<\/div>\n<div class=\"wpb_text_column wpb_content_element\">\n<div class=\"wpb_wrapper\">\n<p><img loading=\"lazy\" decoding=\"async\" class=\"alignnone size-medium wp-image-391\" src=\"https:\/\/grupoadyfin.es\/sp\/wp-content\/uploads\/2023\/04\/CAFMadrid_AFC_rgb-300x61.png\" sizes=\"auto, (max-width: 300px) 100vw, 300px\" srcset=\"https:\/\/grupoadyfin.es\/sp\/wp-content\/uploads\/2023\/04\/CAFMadrid_AFC_rgb-300x61.png 300w, https:\/\/grupoadyfin.es\/sp\/wp-content\/uploads\/2023\/04\/CAFMadrid_AFC_rgb-1024x209.png 1024w, https:\/\/grupoadyfin.es\/sp\/wp-content\/uploads\/2023\/04\/CAFMadrid_AFC_rgb-768x157.png 768w, https:\/\/grupoadyfin.es\/sp\/wp-content\/uploads\/2023\/04\/CAFMadrid_AFC_rgb-1536x314.png 1536w, https:\/\/grupoadyfin.es\/sp\/wp-content\/uploads\/2023\/04\/CAFMadrid_AFC_rgb-2048x418.png 2048w\" alt=\"\" width=\"300\" height=\"61\" \/><\/p>\n<\/div>\n<\/div>\n[\/vc_column_text][\/vc_column][vc_column width=&#8221;1\/2&#8243;][vc_column_text css=&#8221;&#8221;]\n<p class=\"v1MsoNoSpacing\" style=\"text-align: justify;\"><b> POL\u00cdTICA DE PRIVACIDAD<\/b><\/p>\n<p class=\"v1MsoNoSpacing\" style=\"text-align: justify;\"><b>ADYFIN FIJLS, S.L.<\/b> es el Responsable del tratamiento de los datos personales del usuario y le informa que estos datos ser\u00e1n tratados de conformidad con lo dispuesto en el Reglamento (UE) 2016\/679, de 27 de abril de 2016 (RGPD), y en la Ley Org\u00e1nica 3\/2018, de 5 de diciembre (LOPDGDD), por lo que se le facilita la siguiente informaci\u00f3n del tratamiento:<\/p>\n<p class=\"v1MsoNoSpacing\" style=\"text-align: justify;\"><strong><u> Fin del tratamiento<\/u><\/strong>: mantener una relaci\u00f3n comercial y el env\u00edo de comunicaciones sobre nuestros productos y servicios.<\/p>\n<p class=\"v1MsoNoSpacing\" style=\"text-align: justify;\"><strong><u> Criterios de conservaci\u00f3n de los datos<\/u><\/strong>: se conservar\u00e1n mientras exista un inter\u00e9s mutuo para mantener el fin del tratamiento y cuando ya no sea necesario para tal fin, se suprimir\u00e1n con medidas de seguridad adecuadas para garantizar la seudonimizaci\u00f3n de los datos o la destrucci\u00f3n total de los mismos.<\/p>\n<p class=\"v1MsoNoSpacing\" style=\"text-align: justify;\"><strong><u> Comunicaci\u00f3n de los datos<\/u><\/strong>: No se comunicar\u00e1n los datos a terceros, salvo obligaci\u00f3n legal.<\/p>\n<p class=\"v1MsoNoSpacing\" style=\"text-align: justify;\"><strong><u> Derechos que asisten al usuario<\/u><\/strong>:<\/p>\n<ul style=\"text-align: justify;\" type=\"square\">\n<li class=\"v1MsoNoSpacing\">Derecho a retirar el consentimiento en cualquier momento.<\/li>\n<li class=\"v1MsoNoSpacing\">Derecho de acceso, rectificaci\u00f3n, portabilidad y supresi\u00f3n de sus datos y a la limitaci\u00f3n u oposici\u00f3n al su tratamiento.<\/li>\n<li class=\"v1MsoNoSpacing\">Derecho a presentar una reclamaci\u00f3n ante la Autoridad de Control (<span style=\"color: #993300;\"><a style=\"color: #993300;\" href=\"http:\/\/www.aepd.es\" target=\"_blank\" rel=\"noopener noreferrer\">www.aepd.es<\/a>)<\/span> si considera que el tratamiento no se ajusta a la normativa vigente.<\/li>\n<\/ul>\n<p class=\"v1MsoNoSpacing\" style=\"text-align: justify;\"><strong><u> Datos de contacto para ejercer sus derechos<\/u><\/strong>:<\/p>\n<ul style=\"text-align: justify;\" type=\"square\">\n<li class=\"v1MsoNoSpacing\">Direcci\u00f3n postal: <b>ADYFIN FIJLS, S.L.,<\/b> C\/ Sierra De Atapuerca, 45 (Edificio Montesauce), de Madrid (28050 Madrid).<\/li>\n<li class=\"v1MsoNoSpacing\"><span lang=\"EN-US\"> Email: <a href=\"mailto:adyfin@grupoadyfin.com\" rel=\"noreferrer\"> adyfin@grupoadyfin.com<\/a><\/span><\/li>\n<\/ul>\n<p style=\"text-align: justify;\"><span style=\"color: #993300;\">Para continuar, usted debe aceptar que ha le\u00eddo y est\u00e1 conforme con la cl\u00e1usula anterior debe aceptarla expresamente.<\/span><\/p>\n[\/vc_column_text][\/vc_column][\/vc_row]\n<\/div>","protected":false},"excerpt":{"rendered":"<p>[vc_row][vc_column width=&#8221;1\/2&#8243;][vc_column_text css=&#8221;&#8221;] Politica de Privacidad\u2026 ADMINISTRADORES DE FINCAS \u2013 SEGUROS \u2013 ASESORAMIENTO &nbsp; ADYFIN FIJLS, S.L. \u2013 CIF: B-84095280 C\/ Sierra de Atapuerca, 45 \u2013 Local 2 \u2013 28050 Madrid &nbsp; Tel\u00e9fonos: (+34) 91 750 57 12 (+34) 639 37 28 33 E-mail: adyfin@grupoadyfin.com &nbsp; [\/vc_column_text][\/vc_column][vc_column width=&#8221;1\/2&#8243;][vc_column_text css=&#8221;&#8221;] POL\u00cdTICA DE PRIVACIDAD ADYFIN FIJLS, S.L. [&hellip;]<\/p>\n","protected":false},"author":1,"featured_media":778,"parent":0,"menu_order":0,"comment_status":"closed","ping_status":"closed","template":"","meta":{"footnotes":"","_links_to":"","_links_to_target":""},"class_list":["post-3","page","type-page","status-publish","has-post-thumbnail","hentry"],"_links":{"self":[{"href":"https:\/\/grupoadyfin.es\/sp\/index.php?rest_route=\/wp\/v2\/pages\/3","targetHints":{"allow":["GET"]}}],"collection":[{"href":"https:\/\/grupoadyfin.es\/sp\/index.php?rest_route=\/wp\/v2\/pages"}],"about":[{"href":"https:\/\/grupoadyfin.es\/sp\/index.php?rest_route=\/wp\/v2\/types\/page"}],"author":[{"embeddable":true,"href":"https:\/\/grupoadyfin.es\/sp\/index.php?rest_route=\/wp\/v2\/users\/1"}],"replies":[{"embeddable":true,"href":"https:\/\/grupoadyfin.es\/sp\/index.php?rest_route=%2Fwp%2Fv2%2Fcomments&post=3"}],"version-history":[{"count":15,"href":"https:\/\/grupoadyfin.es\/sp\/index.php?rest_route=\/wp\/v2\/pages\/3\/revisions"}],"predecessor-version":[{"id":748,"href":"https:\/\/grupoadyfin.es\/sp\/index.php?rest_route=\/wp\/v2\/pages\/3\/revisions\/748"}],"wp:featuredmedia":[{"embeddable":true,"href":"https:\/\/grupoadyfin.es\/sp\/index.php?rest_route=\/wp\/v2\/media\/778"}],"wp:attachment":[{"href":"https:\/\/grupoadyfin.es\/sp\/index.php?rest_route=%2Fwp%2Fv2%2Fmedia&parent=3"}],"curies":[{"name":"wp","href":"https:\/\/api.w.org\/{rel}","templated":true}]}}